{"id":437,"date":"2018-10-19T08:53:10","date_gmt":"2018-10-19T06:53:10","guid":{"rendered":"https:\/\/www.bermetfilipec.hr\/?page_id=437"},"modified":"2018-10-19T10:54:46","modified_gmt":"2018-10-19T08:54:46","slug":"der-herstellungsprozess","status":"publish","type":"page","link":"https:\/\/www.bermetfilipec.hr\/de\/philipecz-tradition\/der-herstellungsprozess\/","title":{"rendered":"Der Herstellungsprozess"},"content":{"rendered":"<h3>Was ist Bermet?<\/h3>\n<p>Bermet ist ein edles Alkoholgetr\u00e4nk, hergestellt aus erlesenen Traubensorten der sonnigen Bergh\u00e4nge von Samobor, dazu kommen Wermut, S\u00fcdfr\u00fcchte und Duftstoffe pflanzlichen Ursprungs, die dem Getr\u00e4nk ein spezifisches Aroma verleihen. Bermet hat eine rubinrote Farbe und einen Alkoholgehalt von 15 bis 18 Vol. % , ein reiches und edles Aroma sowie eine durch den Wermut betont bittere Note. Es geht um einen alten Aperitif bzw. Degistif aus Samobor, dessen Zubereitung ein langj\u00e4hriges Geheimnis der Familie Filipec ist, das seit fast 200 Jahren von Generation zu Generation weitergegeben wird. Bermet wird auch heute von Hand hergestellt. Bermet ist ein Aperitif (Digestiv) mit Herkunft aus Kroatien und ist durch die Familie Filipec zu einem erkennbaren Produkt geworden.<\/p>\n<h3>Was ist Mu\u0161tarda?<\/h3>\n<p>Die Mu\u0161tarda aus Samobor ist eine senfartige Sauce, die hervorragend als Beilage zu gegarten Fleischgerichten passt, wie z.B. Suppenfleisch, gekochte und gebratene W\u00fcrstchen, Bratenfleisch, etc. Mu\u0161tarda wird zubereitet aus zerkleinerten Senfk\u00f6rnern, in die ein besonderes Traubenmus eingekocht wird&#8230;.<br \/>\n\u201cSamoborska Mu\u0161tarda\u201c ist ein v\u00f6llig nat\u00fcrliches Produkt, das keine Konservierungsstoffe enth\u00e4lt. Sie ist von einem s\u00fc\u00dflich-scharfen Geschmack gekennzeichnet, der bei gr\u00f6\u00dferen Mengen ein Geschmackserlebnis von geriebenem Kren (Meerrettich) hervorruft.<br \/>\nDie Zubereitung dieser schmackhaften Sauce haben die Einwohner von Samobor von den Franzosen gelernt, die Rezeptur ihrem Geschmack angepasst und so entstand die Mu\u0161tarda aus Samobor.<\/p>\n","protected":false},"excerpt":{"rendered":"<p>Was ist Bermet? Bermet ist ein edles Alkoholgetr\u00e4nk, hergestellt aus erlesenen Traubensorten der sonnigen Bergh\u00e4nge von Samobor, dazu kommen Wermut, S\u00fcdfr\u00fcchte und Duftstoffe pflanzlichen Ursprungs, die dem Getr\u00e4nk ein spezifisches &#8230;<\/p>\n","protected":false},"author":1,"featured_media":438,"parent":435,"menu_order":1,"comment_status":"closed","ping_status":"closed","template":"template-tradition.php","meta":{"footnotes":""},"class_list":["post-437","page","type-page","status-publish","has-post-thumbnail","hentry"],"yoast_head":"<!-- This site is optimized with the Yoast SEO plugin v27.1.1 - https:\/\/yoast.com\/product\/yoast-seo-wordpress\/ -->\n<title>Der Herstellungsprozess - Podrumi Philipecz<\/title>\n<meta name=\"robots\" content=\"index, follow, max-snippet:-1, max-image-preview:large, max-video-preview:-1\" \/>\n<link rel=\"canonical\" href=\"https:\/\/www.bermetfilipec.hr\/de\/philipecz-tradition\/der-herstellungsprozess\/\" \/>\n<meta property=\"og:locale\" content=\"de_DE\" \/>\n<meta property=\"og:type\" content=\"article\" \/>\n<meta property=\"og:title\" content=\"Der Herstellungsprozess - Podrumi Philipecz\" \/>\n<meta property=\"og:description\" content=\"Was ist Bermet? Bermet ist ein edles Alkoholgetr\u00e4nk, hergestellt aus erlesenen Traubensorten der sonnigen Bergh\u00e4nge von Samobor, dazu kommen Wermut, S\u00fcdfr\u00fcchte und Duftstoffe pflanzlichen Ursprungs, die dem Getr\u00e4nk ein spezifisches ...\" \/>\n<meta property=\"og:url\" content=\"https:\/\/www.bermetfilipec.hr\/de\/philipecz-tradition\/der-herstellungsprozess\/\" \/>\n<meta property=\"og:site_name\" content=\"Podrumi Philipecz\" \/>\n<meta property=\"article:modified_time\" content=\"2018-10-19T08:54:46+00:00\" \/>\n<meta property=\"og:image\" content=\"https:\/\/www.bermetfilipec.hr\/wp-content\/uploads\/2018\/08\/tradition-1.jpg\" \/>\n\t<meta property=\"og:image:width\" content=\"1920\" \/>\n\t<meta property=\"og:image:height\" content=\"499\" \/>\n\t<meta property=\"og:image:type\" content=\"image\/jpeg\" \/>\n<meta name=\"twitter:card\" content=\"summary_large_image\" \/>\n<meta name=\"twitter:label1\" content=\"Gesch\u00e4tzte Lesezeit\" \/>\n\t<meta name=\"twitter:data1\" content=\"1\u00a0Minute\" \/>\n<script type=\"application\/ld+json\" class=\"yoast-schema-graph\">{\"@context\":\"https:\/\/schema.org\",\"@graph\":[{\"@type\":\"WebPage\",\"@id\":\"https:\/\/www.bermetfilipec.hr\/de\/philipecz-tradition\/der-herstellungsprozess\/\",\"url\":\"https:\/\/www.bermetfilipec.hr\/de\/philipecz-tradition\/der-herstellungsprozess\/\",\"name\":\"Der Herstellungsprozess - Podrumi Philipecz\",\"isPartOf\":{\"@id\":\"https:\/\/www.bermetfilipec.hr\/#website\"},\"primaryImageOfPage\":{\"@id\":\"https:\/\/www.bermetfilipec.hr\/de\/philipecz-tradition\/der-herstellungsprozess\/#primaryimage\"},\"image\":{\"@id\":\"https:\/\/www.bermetfilipec.hr\/de\/philipecz-tradition\/der-herstellungsprozess\/#primaryimage\"},\"thumbnailUrl\":\"https:\/\/www.bermetfilipec.hr\/wp-content\/uploads\/2018\/08\/tradition-1.jpg\",\"datePublished\":\"2018-10-19T06:53:10+00:00\",\"dateModified\":\"2018-10-19T08:54:46+00:00\",\"breadcrumb\":{\"@id\":\"https:\/\/www.bermetfilipec.hr\/de\/philipecz-tradition\/der-herstellungsprozess\/#breadcrumb\"},\"inLanguage\":\"de\",\"potentialAction\":[{\"@type\":\"ReadAction\",\"target\":[\"https:\/\/www.bermetfilipec.hr\/de\/philipecz-tradition\/der-herstellungsprozess\/\"]}]},{\"@type\":\"ImageObject\",\"inLanguage\":\"de\",\"@id\":\"https:\/\/www.bermetfilipec.hr\/de\/philipecz-tradition\/der-herstellungsprozess\/#primaryimage\",\"url\":\"https:\/\/www.bermetfilipec.hr\/wp-content\/uploads\/2018\/08\/tradition-1.jpg\",\"contentUrl\":\"https:\/\/www.bermetfilipec.hr\/wp-content\/uploads\/2018\/08\/tradition-1.jpg\",\"width\":1920,\"height\":499},{\"@type\":\"BreadcrumbList\",\"@id\":\"https:\/\/www.bermetfilipec.hr\/de\/philipecz-tradition\/der-herstellungsprozess\/#breadcrumb\",\"itemListElement\":[{\"@type\":\"ListItem\",\"position\":1,\"name\":\"Po\u010detna stranica\",\"item\":\"https:\/\/www.bermetfilipec.hr\/de\/\"},{\"@type\":\"ListItem\",\"position\":2,\"name\":\"Philipecz Tradition\",\"item\":\"https:\/\/www.bermetfilipec.hr\/de\/philipecz-tradition\/\"},{\"@type\":\"ListItem\",\"position\":3,\"name\":\"Der Herstellungsprozess\"}]},{\"@type\":\"WebSite\",\"@id\":\"https:\/\/www.bermetfilipec.hr\/#website\",\"url\":\"https:\/\/www.bermetfilipec.hr\/\",\"name\":\"Podrumi Philipecz\",\"description\":\"Bermet, vina i mu&scaron;tarda\",\"publisher\":{\"@id\":\"https:\/\/www.bermetfilipec.hr\/#organization\"},\"potentialAction\":[{\"@type\":\"SearchAction\",\"target\":{\"@type\":\"EntryPoint\",\"urlTemplate\":\"https:\/\/www.bermetfilipec.hr\/?s={search_term_string}\"},\"query-input\":{\"@type\":\"PropertyValueSpecification\",\"valueRequired\":true,\"valueName\":\"search_term_string\"}}],\"inLanguage\":\"de\"},{\"@type\":\"Organization\",\"@id\":\"https:\/\/www.bermetfilipec.hr\/#organization\",\"name\":\"Podrumi Philipecz\",\"url\":\"https:\/\/www.bermetfilipec.hr\/\",\"logo\":{\"@type\":\"ImageObject\",\"inLanguage\":\"de\",\"@id\":\"https:\/\/www.bermetfilipec.hr\/#\/schema\/logo\/image\/\",\"url\":\"https:\/\/www.bermetfilipec.hr\/wp-content\/uploads\/2018\/08\/logo.png\",\"contentUrl\":\"https:\/\/www.bermetfilipec.hr\/wp-content\/uploads\/2018\/08\/logo.png\",\"width\":175,\"height\":125,\"caption\":\"Podrumi Philipecz\"},\"image\":{\"@id\":\"https:\/\/www.bermetfilipec.hr\/#\/schema\/logo\/image\/\"}}]}<\/script>\n<!-- \/ Yoast SEO plugin. -->","yoast_head_json":{"title":"Der Herstellungsprozess - Podrumi Philipecz","robots":{"index":"index","follow":"follow","max-snippet":"max-snippet:-1","max-image-preview":"max-image-preview:large","max-video-preview":"max-video-preview:-1"},"canonical":"https:\/\/www.bermetfilipec.hr\/de\/philipecz-tradition\/der-herstellungsprozess\/","og_locale":"de_DE","og_type":"article","og_title":"Der Herstellungsprozess - Podrumi Philipecz","og_description":"Was ist Bermet? Bermet ist ein edles Alkoholgetr\u00e4nk, hergestellt aus erlesenen Traubensorten der sonnigen Bergh\u00e4nge von Samobor, dazu kommen Wermut, S\u00fcdfr\u00fcchte und Duftstoffe pflanzlichen Ursprungs, die dem Getr\u00e4nk ein spezifisches ...","og_url":"https:\/\/www.bermetfilipec.hr\/de\/philipecz-tradition\/der-herstellungsprozess\/","og_site_name":"Podrumi Philipecz","article_modified_time":"2018-10-19T08:54:46+00:00","og_image":[{"width":1920,"height":499,"url":"https:\/\/www.bermetfilipec.hr\/wp-content\/uploads\/2018\/08\/tradition-1.jpg","type":"image\/jpeg"}],"twitter_card":"summary_large_image","twitter_misc":{"Gesch\u00e4tzte Lesezeit":"1\u00a0Minute"},"schema":{"@context":"https:\/\/schema.org","@graph":[{"@type":"WebPage","@id":"https:\/\/www.bermetfilipec.hr\/de\/philipecz-tradition\/der-herstellungsprozess\/","url":"https:\/\/www.bermetfilipec.hr\/de\/philipecz-tradition\/der-herstellungsprozess\/","name":"Der Herstellungsprozess - Podrumi Philipecz","isPartOf":{"@id":"https:\/\/www.bermetfilipec.hr\/#website"},"primaryImageOfPage":{"@id":"https:\/\/www.bermetfilipec.hr\/de\/philipecz-tradition\/der-herstellungsprozess\/#primaryimage"},"image":{"@id":"https:\/\/www.bermetfilipec.hr\/de\/philipecz-tradition\/der-herstellungsprozess\/#primaryimage"},"thumbnailUrl":"https:\/\/www.bermetfilipec.hr\/wp-content\/uploads\/2018\/08\/tradition-1.jpg","datePublished":"2018-10-19T06:53:10+00:00","dateModified":"2018-10-19T08:54:46+00:00","breadcrumb":{"@id":"https:\/\/www.bermetfilipec.hr\/de\/philipecz-tradition\/der-herstellungsprozess\/#breadcrumb"},"inLanguage":"de","potentialAction":[{"@type":"ReadAction","target":["https:\/\/www.bermetfilipec.hr\/de\/philipecz-tradition\/der-herstellungsprozess\/"]}]},{"@type":"ImageObject","inLanguage":"de","@id":"https:\/\/www.bermetfilipec.hr\/de\/philipecz-tradition\/der-herstellungsprozess\/#primaryimage","url":"https:\/\/www.bermetfilipec.hr\/wp-content\/uploads\/2018\/08\/tradition-1.jpg","contentUrl":"https:\/\/www.bermetfilipec.hr\/wp-content\/uploads\/2018\/08\/tradition-1.jpg","width":1920,"height":499},{"@type":"BreadcrumbList","@id":"https:\/\/www.bermetfilipec.hr\/de\/philipecz-tradition\/der-herstellungsprozess\/#breadcrumb","itemListElement":[{"@type":"ListItem","position":1,"name":"Po\u010detna stranica","item":"https:\/\/www.bermetfilipec.hr\/de\/"},{"@type":"ListItem","position":2,"name":"Philipecz Tradition","item":"https:\/\/www.bermetfilipec.hr\/de\/philipecz-tradition\/"},{"@type":"ListItem","position":3,"name":"Der Herstellungsprozess"}]},{"@type":"WebSite","@id":"https:\/\/www.bermetfilipec.hr\/#website","url":"https:\/\/www.bermetfilipec.hr\/","name":"Podrumi Philipecz","description":"Bermet, vina i mu&scaron;tarda","publisher":{"@id":"https:\/\/www.bermetfilipec.hr\/#organization"},"potentialAction":[{"@type":"SearchAction","target":{"@type":"EntryPoint","urlTemplate":"https:\/\/www.bermetfilipec.hr\/?s={search_term_string}"},"query-input":{"@type":"PropertyValueSpecification","valueRequired":true,"valueName":"search_term_string"}}],"inLanguage":"de"},{"@type":"Organization","@id":"https:\/\/www.bermetfilipec.hr\/#organization","name":"Podrumi Philipecz","url":"https:\/\/www.bermetfilipec.hr\/","logo":{"@type":"ImageObject","inLanguage":"de","@id":"https:\/\/www.bermetfilipec.hr\/#\/schema\/logo\/image\/","url":"https:\/\/www.bermetfilipec.hr\/wp-content\/uploads\/2018\/08\/logo.png","contentUrl":"https:\/\/www.bermetfilipec.hr\/wp-content\/uploads\/2018\/08\/logo.png","width":175,"height":125,"caption":"Podrumi Philipecz"},"image":{"@id":"https:\/\/www.bermetfilipec.hr\/#\/schema\/logo\/image\/"}}]}},"_links":{"self":[{"href":"https:\/\/www.bermetfilipec.hr\/de\/wp-json\/wp\/v2\/pages\/437","targetHints":{"allow":["GET"]}}],"collection":[{"href":"https:\/\/www.bermetfilipec.hr\/de\/wp-json\/wp\/v2\/pages"}],"about":[{"href":"https:\/\/www.bermetfilipec.hr\/de\/wp-json\/wp\/v2\/types\/page"}],"author":[{"embeddable":true,"href":"https:\/\/www.bermetfilipec.hr\/de\/wp-json\/wp\/v2\/users\/1"}],"replies":[{"embeddable":true,"href":"https:\/\/www.bermetfilipec.hr\/de\/wp-json\/wp\/v2\/comments?post=437"}],"version-history":[{"count":1,"href":"https:\/\/www.bermetfilipec.hr\/de\/wp-json\/wp\/v2\/pages\/437\/revisions"}],"predecessor-version":[{"id":439,"href":"https:\/\/www.bermetfilipec.hr\/de\/wp-json\/wp\/v2\/pages\/437\/revisions\/439"}],"up":[{"embeddable":true,"href":"https:\/\/www.bermetfilipec.hr\/de\/wp-json\/wp\/v2\/pages\/435"}],"wp:featuredmedia":[{"embeddable":true,"href":"https:\/\/www.bermetfilipec.hr\/de\/wp-json\/wp\/v2\/media\/438"}],"wp:attachment":[{"href":"https:\/\/www.bermetfilipec.hr\/de\/wp-json\/wp\/v2\/media?parent=437"}],"curies":[{"name":"wp","href":"https:\/\/api.w.org\/{rel}","templated":true}]}}