{"id":452,"date":"2018-10-19T09:03:42","date_gmt":"2018-10-19T07:03:42","guid":{"rendered":"https:\/\/www.bermetfilipec.hr\/?page_id=452"},"modified":"2019-02-07T17:39:15","modified_gmt":"2019-02-07T16:39:15","slug":"unterkunft","status":"publish","type":"page","link":"https:\/\/www.bermetfilipec.hr\/de\/unterkunft\/","title":{"rendered":"Unterkunft"},"content":{"rendered":"<h2>Buchen Sie Unterkunft und besuchen Sie Samobor<\/h2>\n<p>Apartment befindet sich 50m vom Hauptplatz Samobor im Erdgeschoss eines separaten Geb\u00e4udes im Hof. Die Gr\u00f6\u00dfe betr\u00e4gt 23 m2. Es besteht aus einem Wohnzimmer und einem Esszimmer, in dem sich die K\u00fcche befindet. Schlafzimmer mit Doppelbett und Badezimmer. Im Esszimmer befindet sich ein zus\u00e4tzliches Bett. Die Wohnung ist mit WLAN und Plasma ausgestattet.<\/p>\n<p>Parkpl\u00e4tze befinden sich in der N\u00e4he der Apartments.<\/p>\n","protected":false},"excerpt":{"rendered":"<p>Buchen Sie Unterkunft und besuchen Sie Samobor Apartment befindet sich 50m vom Hauptplatz Samobor im Erdgeschoss eines separaten Geb\u00e4udes im Hof. Die Gr\u00f6\u00dfe betr\u00e4gt 23 m2. Es besteht aus einem &#8230;<\/p>\n","protected":false},"author":1,"featured_media":453,"parent":0,"menu_order":5,"comment_status":"closed","ping_status":"closed","template":"template-accommodation.php","meta":{"footnotes":""},"class_list":["post-452","page","type-page","status-publish","has-post-thumbnail","hentry"],"yoast_head":"<!-- This site is optimized with the Yoast SEO plugin v27.1.1 - https:\/\/yoast.com\/product\/yoast-seo-wordpress\/ -->\n<title>Unterkunft - Podrumi Philipecz<\/title>\n<meta name=\"robots\" content=\"index, follow, max-snippet:-1, max-image-preview:large, max-video-preview:-1\" \/>\n<link rel=\"canonical\" href=\"https:\/\/www.bermetfilipec.hr\/de\/unterkunft\/\" \/>\n<meta property=\"og:locale\" content=\"de_DE\" \/>\n<meta property=\"og:type\" content=\"article\" \/>\n<meta property=\"og:title\" content=\"Unterkunft - Podrumi Philipecz\" \/>\n<meta property=\"og:description\" content=\"Buchen Sie Unterkunft und besuchen Sie Samobor Apartment befindet sich 50m vom Hauptplatz Samobor im Erdgeschoss eines separaten Geb\u00e4udes im Hof. Die Gr\u00f6\u00dfe betr\u00e4gt 23 m2. Es besteht aus einem ...\" \/>\n<meta property=\"og:url\" content=\"https:\/\/www.bermetfilipec.hr\/de\/unterkunft\/\" \/>\n<meta property=\"og:site_name\" content=\"Podrumi Philipecz\" \/>\n<meta property=\"article:modified_time\" content=\"2019-02-07T16:39:15+00:00\" \/>\n<meta property=\"og:image\" content=\"https:\/\/www.bermetfilipec.hr\/wp-content\/uploads\/2018\/09\/smjestaj-1.jpg\" \/>\n\t<meta property=\"og:image:width\" content=\"1920\" \/>\n\t<meta property=\"og:image:height\" content=\"498\" \/>\n\t<meta property=\"og:image:type\" content=\"image\/jpeg\" \/>\n<meta name=\"twitter:card\" content=\"summary_large_image\" \/>\n<script type=\"application\/ld+json\" class=\"yoast-schema-graph\">{\"@context\":\"https:\/\/schema.org\",\"@graph\":[{\"@type\":\"WebPage\",\"@id\":\"https:\/\/www.bermetfilipec.hr\/de\/unterkunft\/\",\"url\":\"https:\/\/www.bermetfilipec.hr\/de\/unterkunft\/\",\"name\":\"Unterkunft - Podrumi Philipecz\",\"isPartOf\":{\"@id\":\"https:\/\/www.bermetfilipec.hr\/#website\"},\"primaryImageOfPage\":{\"@id\":\"https:\/\/www.bermetfilipec.hr\/de\/unterkunft\/#primaryimage\"},\"image\":{\"@id\":\"https:\/\/www.bermetfilipec.hr\/de\/unterkunft\/#primaryimage\"},\"thumbnailUrl\":\"https:\/\/www.bermetfilipec.hr\/wp-content\/uploads\/2018\/09\/smjestaj-1.jpg\",\"datePublished\":\"2018-10-19T07:03:42+00:00\",\"dateModified\":\"2019-02-07T16:39:15+00:00\",\"breadcrumb\":{\"@id\":\"https:\/\/www.bermetfilipec.hr\/de\/unterkunft\/#breadcrumb\"},\"inLanguage\":\"de\",\"potentialAction\":[{\"@type\":\"ReadAction\",\"target\":[\"https:\/\/www.bermetfilipec.hr\/de\/unterkunft\/\"]}]},{\"@type\":\"ImageObject\",\"inLanguage\":\"de\",\"@id\":\"https:\/\/www.bermetfilipec.hr\/de\/unterkunft\/#primaryimage\",\"url\":\"https:\/\/www.bermetfilipec.hr\/wp-content\/uploads\/2018\/09\/smjestaj-1.jpg\",\"contentUrl\":\"https:\/\/www.bermetfilipec.hr\/wp-content\/uploads\/2018\/09\/smjestaj-1.jpg\",\"width\":1920,\"height\":498},{\"@type\":\"BreadcrumbList\",\"@id\":\"https:\/\/www.bermetfilipec.hr\/de\/unterkunft\/#breadcrumb\",\"itemListElement\":[{\"@type\":\"ListItem\",\"position\":1,\"name\":\"Po\u010detna stranica\",\"item\":\"https:\/\/www.bermetfilipec.hr\/de\/\"},{\"@type\":\"ListItem\",\"position\":2,\"name\":\"Unterkunft\"}]},{\"@type\":\"WebSite\",\"@id\":\"https:\/\/www.bermetfilipec.hr\/#website\",\"url\":\"https:\/\/www.bermetfilipec.hr\/\",\"name\":\"Podrumi Philipecz\",\"description\":\"Bermet, vina i mu&scaron;tarda\",\"publisher\":{\"@id\":\"https:\/\/www.bermetfilipec.hr\/#organization\"},\"potentialAction\":[{\"@type\":\"SearchAction\",\"target\":{\"@type\":\"EntryPoint\",\"urlTemplate\":\"https:\/\/www.bermetfilipec.hr\/?s={search_term_string}\"},\"query-input\":{\"@type\":\"PropertyValueSpecification\",\"valueRequired\":true,\"valueName\":\"search_term_string\"}}],\"inLanguage\":\"de\"},{\"@type\":\"Organization\",\"@id\":\"https:\/\/www.bermetfilipec.hr\/#organization\",\"name\":\"Podrumi Philipecz\",\"url\":\"https:\/\/www.bermetfilipec.hr\/\",\"logo\":{\"@type\":\"ImageObject\",\"inLanguage\":\"de\",\"@id\":\"https:\/\/www.bermetfilipec.hr\/#\/schema\/logo\/image\/\",\"url\":\"https:\/\/www.bermetfilipec.hr\/wp-content\/uploads\/2018\/08\/logo.png\",\"contentUrl\":\"https:\/\/www.bermetfilipec.hr\/wp-content\/uploads\/2018\/08\/logo.png\",\"width\":175,\"height\":125,\"caption\":\"Podrumi Philipecz\"},\"image\":{\"@id\":\"https:\/\/www.bermetfilipec.hr\/#\/schema\/logo\/image\/\"}}]}<\/script>\n<!-- \/ Yoast SEO plugin. -->","yoast_head_json":{"title":"Unterkunft - Podrumi Philipecz","robots":{"index":"index","follow":"follow","max-snippet":"max-snippet:-1","max-image-preview":"max-image-preview:large","max-video-preview":"max-video-preview:-1"},"canonical":"https:\/\/www.bermetfilipec.hr\/de\/unterkunft\/","og_locale":"de_DE","og_type":"article","og_title":"Unterkunft - Podrumi Philipecz","og_description":"Buchen Sie Unterkunft und besuchen Sie Samobor Apartment befindet sich 50m vom Hauptplatz Samobor im Erdgeschoss eines separaten Geb\u00e4udes im Hof. Die Gr\u00f6\u00dfe betr\u00e4gt 23 m2. Es besteht aus einem ...","og_url":"https:\/\/www.bermetfilipec.hr\/de\/unterkunft\/","og_site_name":"Podrumi Philipecz","article_modified_time":"2019-02-07T16:39:15+00:00","og_image":[{"width":1920,"height":498,"url":"https:\/\/www.bermetfilipec.hr\/wp-content\/uploads\/2018\/09\/smjestaj-1.jpg","type":"image\/jpeg"}],"twitter_card":"summary_large_image","schema":{"@context":"https:\/\/schema.org","@graph":[{"@type":"WebPage","@id":"https:\/\/www.bermetfilipec.hr\/de\/unterkunft\/","url":"https:\/\/www.bermetfilipec.hr\/de\/unterkunft\/","name":"Unterkunft - Podrumi Philipecz","isPartOf":{"@id":"https:\/\/www.bermetfilipec.hr\/#website"},"primaryImageOfPage":{"@id":"https:\/\/www.bermetfilipec.hr\/de\/unterkunft\/#primaryimage"},"image":{"@id":"https:\/\/www.bermetfilipec.hr\/de\/unterkunft\/#primaryimage"},"thumbnailUrl":"https:\/\/www.bermetfilipec.hr\/wp-content\/uploads\/2018\/09\/smjestaj-1.jpg","datePublished":"2018-10-19T07:03:42+00:00","dateModified":"2019-02-07T16:39:15+00:00","breadcrumb":{"@id":"https:\/\/www.bermetfilipec.hr\/de\/unterkunft\/#breadcrumb"},"inLanguage":"de","potentialAction":[{"@type":"ReadAction","target":["https:\/\/www.bermetfilipec.hr\/de\/unterkunft\/"]}]},{"@type":"ImageObject","inLanguage":"de","@id":"https:\/\/www.bermetfilipec.hr\/de\/unterkunft\/#primaryimage","url":"https:\/\/www.bermetfilipec.hr\/wp-content\/uploads\/2018\/09\/smjestaj-1.jpg","contentUrl":"https:\/\/www.bermetfilipec.hr\/wp-content\/uploads\/2018\/09\/smjestaj-1.jpg","width":1920,"height":498},{"@type":"BreadcrumbList","@id":"https:\/\/www.bermetfilipec.hr\/de\/unterkunft\/#breadcrumb","itemListElement":[{"@type":"ListItem","position":1,"name":"Po\u010detna stranica","item":"https:\/\/www.bermetfilipec.hr\/de\/"},{"@type":"ListItem","position":2,"name":"Unterkunft"}]},{"@type":"WebSite","@id":"https:\/\/www.bermetfilipec.hr\/#website","url":"https:\/\/www.bermetfilipec.hr\/","name":"Podrumi Philipecz","description":"Bermet, vina i mu&scaron;tarda","publisher":{"@id":"https:\/\/www.bermetfilipec.hr\/#organization"},"potentialAction":[{"@type":"SearchAction","target":{"@type":"EntryPoint","urlTemplate":"https:\/\/www.bermetfilipec.hr\/?s={search_term_string}"},"query-input":{"@type":"PropertyValueSpecification","valueRequired":true,"valueName":"search_term_string"}}],"inLanguage":"de"},{"@type":"Organization","@id":"https:\/\/www.bermetfilipec.hr\/#organization","name":"Podrumi Philipecz","url":"https:\/\/www.bermetfilipec.hr\/","logo":{"@type":"ImageObject","inLanguage":"de","@id":"https:\/\/www.bermetfilipec.hr\/#\/schema\/logo\/image\/","url":"https:\/\/www.bermetfilipec.hr\/wp-content\/uploads\/2018\/08\/logo.png","contentUrl":"https:\/\/www.bermetfilipec.hr\/wp-content\/uploads\/2018\/08\/logo.png","width":175,"height":125,"caption":"Podrumi Philipecz"},"image":{"@id":"https:\/\/www.bermetfilipec.hr\/#\/schema\/logo\/image\/"}}]}},"_links":{"self":[{"href":"https:\/\/www.bermetfilipec.hr\/de\/wp-json\/wp\/v2\/pages\/452","targetHints":{"allow":["GET"]}}],"collection":[{"href":"https:\/\/www.bermetfilipec.hr\/de\/wp-json\/wp\/v2\/pages"}],"about":[{"href":"https:\/\/www.bermetfilipec.hr\/de\/wp-json\/wp\/v2\/types\/page"}],"author":[{"embeddable":true,"href":"https:\/\/www.bermetfilipec.hr\/de\/wp-json\/wp\/v2\/users\/1"}],"replies":[{"embeddable":true,"href":"https:\/\/www.bermetfilipec.hr\/de\/wp-json\/wp\/v2\/comments?post=452"}],"version-history":[{"count":2,"href":"https:\/\/www.bermetfilipec.hr\/de\/wp-json\/wp\/v2\/pages\/452\/revisions"}],"predecessor-version":[{"id":650,"href":"https:\/\/www.bermetfilipec.hr\/de\/wp-json\/wp\/v2\/pages\/452\/revisions\/650"}],"wp:featuredmedia":[{"embeddable":true,"href":"https:\/\/www.bermetfilipec.hr\/de\/wp-json\/wp\/v2\/media\/453"}],"wp:attachment":[{"href":"https:\/\/www.bermetfilipec.hr\/de\/wp-json\/wp\/v2\/media?parent=452"}],"curies":[{"name":"wp","href":"https:\/\/api.w.org\/{rel}","templated":true}]}}