{"id":573,"date":"2018-08-28T10:41:14","date_gmt":"2018-08-28T08:41:14","guid":{"rendered":"https:\/\/www.bermetfilipec.hr\/proizvod\/573\/"},"modified":"2018-10-19T10:14:30","modified_gmt":"2018-10-19T08:14:30","slug":"weinessig-philipecz","status":"publish","type":"product","link":"https:\/\/www.bermetfilipec.hr\/de\/proizvod\/weinessig-philipecz\/","title":{"rendered":"Weinessig  Philipecz"},"content":{"rendered":"","protected":false},"excerpt":{"rendered":"<p>Hausgemachter Essig von au\u00dfergew\u00f6hnlicher Qualit\u00e4t und Geschmack.<\/p>\n<p><strong>Menge:<\/strong>\u00a00,375 L<\/p>\n","protected":false},"featured_media":1232,"comment_status":"closed","ping_status":"closed","template":"","meta":[],"product_brand":[],"product_cat":[50],"product_tag":[],"class_list":{"0":"post-573","1":"product","2":"type-product","3":"status-publish","4":"has-post-thumbnail","6":"product_cat-zusaetzliche-produkte","8":"first","9":"instock","10":"shipping-taxable","11":"purchasable","12":"product-type-simple"},"yoast_head":"<!-- This site is optimized with the Yoast SEO plugin v27.1.1 - https:\/\/yoast.com\/product\/yoast-seo-wordpress\/ -->\n<title>Weinessig Philipecz - Podrumi Philipecz<\/title>\n<meta name=\"robots\" content=\"index, follow, max-snippet:-1, max-image-preview:large, max-video-preview:-1\" \/>\n<link rel=\"canonical\" href=\"https:\/\/www.bermetfilipec.hr\/de\/proizvod\/weinessig-philipecz\/\" \/>\n<meta property=\"og:locale\" content=\"de_DE\" \/>\n<meta property=\"og:type\" content=\"article\" \/>\n<meta property=\"og:title\" content=\"Weinessig Philipecz - Podrumi Philipecz\" \/>\n<meta property=\"og:description\" content=\"Hausgemachter Essig von au\u00dfergew\u00f6hnlicher Qualit\u00e4t und Geschmack. Menge:\u00a00,375 L\" \/>\n<meta property=\"og:url\" content=\"https:\/\/www.bermetfilipec.hr\/de\/proizvod\/weinessig-philipecz\/\" \/>\n<meta property=\"og:site_name\" content=\"Podrumi Philipecz\" \/>\n<meta property=\"article:modified_time\" content=\"2018-10-19T08:14:30+00:00\" \/>\n<meta property=\"og:image\" content=\"https:\/\/www.bermetfilipec.hr\/wp-content\/uploads\/2018\/08\/vinski-ocat.jpg\" \/>\n\t<meta property=\"og:image:width\" content=\"300\" \/>\n\t<meta property=\"og:image:height\" content=\"493\" \/>\n\t<meta property=\"og:image:type\" content=\"image\/jpeg\" \/>\n<meta name=\"twitter:card\" content=\"summary_large_image\" \/>\n<script type=\"application\/ld+json\" class=\"yoast-schema-graph\">{\"@context\":\"https:\/\/schema.org\",\"@graph\":[{\"@type\":\"WebPage\",\"@id\":\"https:\/\/www.bermetfilipec.hr\/de\/proizvod\/weinessig-philipecz\/\",\"url\":\"https:\/\/www.bermetfilipec.hr\/de\/proizvod\/weinessig-philipecz\/\",\"name\":\"Weinessig Philipecz - Podrumi Philipecz\",\"isPartOf\":{\"@id\":\"https:\/\/www.bermetfilipec.hr\/#website\"},\"primaryImageOfPage\":{\"@id\":\"https:\/\/www.bermetfilipec.hr\/de\/proizvod\/weinessig-philipecz\/#primaryimage\"},\"image\":{\"@id\":\"https:\/\/www.bermetfilipec.hr\/de\/proizvod\/weinessig-philipecz\/#primaryimage\"},\"thumbnailUrl\":\"https:\/\/www.bermetfilipec.hr\/wp-content\/uploads\/2018\/09\/Ocat-scaled.jpg\",\"datePublished\":\"2018-08-28T08:41:14+00:00\",\"dateModified\":\"2018-10-19T08:14:30+00:00\",\"breadcrumb\":{\"@id\":\"https:\/\/www.bermetfilipec.hr\/de\/proizvod\/weinessig-philipecz\/#breadcrumb\"},\"inLanguage\":\"de\",\"potentialAction\":[{\"@type\":\"ReadAction\",\"target\":[\"https:\/\/www.bermetfilipec.hr\/de\/proizvod\/weinessig-philipecz\/\"]}]},{\"@type\":\"ImageObject\",\"inLanguage\":\"de\",\"@id\":\"https:\/\/www.bermetfilipec.hr\/de\/proizvod\/weinessig-philipecz\/#primaryimage\",\"url\":\"https:\/\/www.bermetfilipec.hr\/wp-content\/uploads\/2018\/09\/Ocat-scaled.jpg\",\"contentUrl\":\"https:\/\/www.bermetfilipec.hr\/wp-content\/uploads\/2018\/09\/Ocat-scaled.jpg\",\"width\":1707,\"height\":2560},{\"@type\":\"BreadcrumbList\",\"@id\":\"https:\/\/www.bermetfilipec.hr\/de\/proizvod\/weinessig-philipecz\/#breadcrumb\",\"itemListElement\":[{\"@type\":\"ListItem\",\"position\":1,\"name\":\"Po\u010detna stranica\",\"item\":\"https:\/\/www.bermetfilipec.hr\/de\/\"},{\"@type\":\"ListItem\",\"position\":2,\"name\":\"Proizvodi\",\"item\":\"https:\/\/www.bermetfilipec.hr\/proizvodi\/\"},{\"@type\":\"ListItem\",\"position\":3,\"name\":\"Weinessig Philipecz\"}]},{\"@type\":\"WebSite\",\"@id\":\"https:\/\/www.bermetfilipec.hr\/#website\",\"url\":\"https:\/\/www.bermetfilipec.hr\/\",\"name\":\"Podrumi Philipecz\",\"description\":\"Bermet, vina i mu&scaron;tarda\",\"publisher\":{\"@id\":\"https:\/\/www.bermetfilipec.hr\/#organization\"},\"potentialAction\":[{\"@type\":\"SearchAction\",\"target\":{\"@type\":\"EntryPoint\",\"urlTemplate\":\"https:\/\/www.bermetfilipec.hr\/?s={search_term_string}\"},\"query-input\":{\"@type\":\"PropertyValueSpecification\",\"valueRequired\":true,\"valueName\":\"search_term_string\"}}],\"inLanguage\":\"de\"},{\"@type\":\"Organization\",\"@id\":\"https:\/\/www.bermetfilipec.hr\/#organization\",\"name\":\"Podrumi Philipecz\",\"url\":\"https:\/\/www.bermetfilipec.hr\/\",\"logo\":{\"@type\":\"ImageObject\",\"inLanguage\":\"de\",\"@id\":\"https:\/\/www.bermetfilipec.hr\/#\/schema\/logo\/image\/\",\"url\":\"https:\/\/www.bermetfilipec.hr\/wp-content\/uploads\/2018\/08\/logo.png\",\"contentUrl\":\"https:\/\/www.bermetfilipec.hr\/wp-content\/uploads\/2018\/08\/logo.png\",\"width\":175,\"height\":125,\"caption\":\"Podrumi Philipecz\"},\"image\":{\"@id\":\"https:\/\/www.bermetfilipec.hr\/#\/schema\/logo\/image\/\"}}]}<\/script>\n<!-- \/ Yoast SEO plugin. -->","yoast_head_json":{"title":"Weinessig Philipecz - Podrumi Philipecz","robots":{"index":"index","follow":"follow","max-snippet":"max-snippet:-1","max-image-preview":"max-image-preview:large","max-video-preview":"max-video-preview:-1"},"canonical":"https:\/\/www.bermetfilipec.hr\/de\/proizvod\/weinessig-philipecz\/","og_locale":"de_DE","og_type":"article","og_title":"Weinessig Philipecz - Podrumi Philipecz","og_description":"Hausgemachter Essig von au\u00dfergew\u00f6hnlicher Qualit\u00e4t und Geschmack. Menge:\u00a00,375 L","og_url":"https:\/\/www.bermetfilipec.hr\/de\/proizvod\/weinessig-philipecz\/","og_site_name":"Podrumi Philipecz","article_modified_time":"2018-10-19T08:14:30+00:00","og_image":[{"width":300,"height":493,"url":"https:\/\/www.bermetfilipec.hr\/wp-content\/uploads\/2018\/08\/vinski-ocat.jpg","type":"image\/jpeg"}],"twitter_card":"summary_large_image","schema":{"@context":"https:\/\/schema.org","@graph":[{"@type":"WebPage","@id":"https:\/\/www.bermetfilipec.hr\/de\/proizvod\/weinessig-philipecz\/","url":"https:\/\/www.bermetfilipec.hr\/de\/proizvod\/weinessig-philipecz\/","name":"Weinessig Philipecz - Podrumi Philipecz","isPartOf":{"@id":"https:\/\/www.bermetfilipec.hr\/#website"},"primaryImageOfPage":{"@id":"https:\/\/www.bermetfilipec.hr\/de\/proizvod\/weinessig-philipecz\/#primaryimage"},"image":{"@id":"https:\/\/www.bermetfilipec.hr\/de\/proizvod\/weinessig-philipecz\/#primaryimage"},"thumbnailUrl":"https:\/\/www.bermetfilipec.hr\/wp-content\/uploads\/2018\/09\/Ocat-scaled.jpg","datePublished":"2018-08-28T08:41:14+00:00","dateModified":"2018-10-19T08:14:30+00:00","breadcrumb":{"@id":"https:\/\/www.bermetfilipec.hr\/de\/proizvod\/weinessig-philipecz\/#breadcrumb"},"inLanguage":"de","potentialAction":[{"@type":"ReadAction","target":["https:\/\/www.bermetfilipec.hr\/de\/proizvod\/weinessig-philipecz\/"]}]},{"@type":"ImageObject","inLanguage":"de","@id":"https:\/\/www.bermetfilipec.hr\/de\/proizvod\/weinessig-philipecz\/#primaryimage","url":"https:\/\/www.bermetfilipec.hr\/wp-content\/uploads\/2018\/09\/Ocat-scaled.jpg","contentUrl":"https:\/\/www.bermetfilipec.hr\/wp-content\/uploads\/2018\/09\/Ocat-scaled.jpg","width":1707,"height":2560},{"@type":"BreadcrumbList","@id":"https:\/\/www.bermetfilipec.hr\/de\/proizvod\/weinessig-philipecz\/#breadcrumb","itemListElement":[{"@type":"ListItem","position":1,"name":"Po\u010detna stranica","item":"https:\/\/www.bermetfilipec.hr\/de\/"},{"@type":"ListItem","position":2,"name":"Proizvodi","item":"https:\/\/www.bermetfilipec.hr\/proizvodi\/"},{"@type":"ListItem","position":3,"name":"Weinessig Philipecz"}]},{"@type":"WebSite","@id":"https:\/\/www.bermetfilipec.hr\/#website","url":"https:\/\/www.bermetfilipec.hr\/","name":"Podrumi Philipecz","description":"Bermet, vina i mu&scaron;tarda","publisher":{"@id":"https:\/\/www.bermetfilipec.hr\/#organization"},"potentialAction":[{"@type":"SearchAction","target":{"@type":"EntryPoint","urlTemplate":"https:\/\/www.bermetfilipec.hr\/?s={search_term_string}"},"query-input":{"@type":"PropertyValueSpecification","valueRequired":true,"valueName":"search_term_string"}}],"inLanguage":"de"},{"@type":"Organization","@id":"https:\/\/www.bermetfilipec.hr\/#organization","name":"Podrumi Philipecz","url":"https:\/\/www.bermetfilipec.hr\/","logo":{"@type":"ImageObject","inLanguage":"de","@id":"https:\/\/www.bermetfilipec.hr\/#\/schema\/logo\/image\/","url":"https:\/\/www.bermetfilipec.hr\/wp-content\/uploads\/2018\/08\/logo.png","contentUrl":"https:\/\/www.bermetfilipec.hr\/wp-content\/uploads\/2018\/08\/logo.png","width":175,"height":125,"caption":"Podrumi Philipecz"},"image":{"@id":"https:\/\/www.bermetfilipec.hr\/#\/schema\/logo\/image\/"}}]}},"_links":{"self":[{"href":"https:\/\/www.bermetfilipec.hr\/de\/wp-json\/wp\/v2\/product\/573","targetHints":{"allow":["GET"]}}],"collection":[{"href":"https:\/\/www.bermetfilipec.hr\/de\/wp-json\/wp\/v2\/product"}],"about":[{"href":"https:\/\/www.bermetfilipec.hr\/de\/wp-json\/wp\/v2\/types\/product"}],"replies":[{"embeddable":true,"href":"https:\/\/www.bermetfilipec.hr\/de\/wp-json\/wp\/v2\/comments?post=573"}],"wp:featuredmedia":[{"embeddable":true,"href":"https:\/\/www.bermetfilipec.hr\/de\/wp-json\/wp\/v2\/media\/1232"}],"wp:attachment":[{"href":"https:\/\/www.bermetfilipec.hr\/de\/wp-json\/wp\/v2\/media?parent=573"}],"wp:term":[{"taxonomy":"product_brand","embeddable":true,"href":"https:\/\/www.bermetfilipec.hr\/de\/wp-json\/wp\/v2\/product_brand?post=573"},{"taxonomy":"product_cat","embeddable":true,"href":"https:\/\/www.bermetfilipec.hr\/de\/wp-json\/wp\/v2\/product_cat?post=573"},{"taxonomy":"product_tag","embeddable":true,"href":"https:\/\/www.bermetfilipec.hr\/de\/wp-json\/wp\/v2\/product_tag?post=573"}],"curies":[{"name":"wp","href":"https:\/\/api.w.org\/{rel}","templated":true}]}}