{"id":583,"date":"2018-08-28T11:28:32","date_gmt":"2018-08-28T09:28:32","guid":{"rendered":"https:\/\/www.bermetfilipec.hr\/proizvod\/rosewein-tia\/"},"modified":"2018-08-28T11:28:32","modified_gmt":"2018-08-28T09:28:32","slug":"rosewein-tia","status":"publish","type":"product","link":"https:\/\/www.bermetfilipec.hr\/de\/proizvod\/rosewein-tia\/","title":{"rendered":"Ros\u00e9wein Tia"},"content":{"rendered":"","protected":false},"excerpt":{"rendered":"<p>Weinberge Samobor<\/p>\n<p>Halb S\u00fc\u00dfwein (frankovka)<\/p>\n<p><strong>Alk.:<\/strong> 12%<br \/>\n<strong>Menge:<\/strong> 0,75 L<\/p>\n","protected":false},"featured_media":495,"comment_status":"closed","ping_status":"closed","template":"","meta":[],"product_brand":[],"product_cat":[49],"product_tag":[],"class_list":{"0":"post-583","1":"product","2":"type-product","3":"status-publish","4":"has-post-thumbnail","6":"product_cat-wein","8":"first","9":"instock","10":"shipping-taxable","11":"product-type-simple"},"yoast_head":"<!-- This site is optimized with the Yoast SEO plugin v27.1.1 - https:\/\/yoast.com\/product\/yoast-seo-wordpress\/ -->\n<title>Ros\u00e9wein Tia - Podrumi Philipecz<\/title>\n<meta name=\"robots\" content=\"index, follow, max-snippet:-1, max-image-preview:large, max-video-preview:-1\" \/>\n<link rel=\"canonical\" href=\"https:\/\/www.bermetfilipec.hr\/proizvod\/rose-tia\/\" \/>\n<meta property=\"og:locale\" content=\"de_DE\" \/>\n<meta property=\"og:type\" content=\"article\" \/>\n<meta property=\"og:title\" content=\"Ros\u00e9wein Tia - Podrumi Philipecz\" \/>\n<meta property=\"og:description\" content=\"Weinberge Samobor Halb S\u00fc\u00dfwein (frankovka) Alk.: 12% Menge: 0,75 L\" \/>\n<meta property=\"og:url\" content=\"https:\/\/www.bermetfilipec.hr\/proizvod\/rose-tia\/\" \/>\n<meta property=\"og:site_name\" content=\"Podrumi Philipecz\" \/>\n<meta property=\"og:image\" content=\"https:\/\/www.bermetfilipec.hr\/wp-content\/uploads\/2018\/08\/rose-tia.jpg\" \/>\n\t<meta property=\"og:image:width\" content=\"396\" \/>\n\t<meta property=\"og:image:height\" content=\"651\" \/>\n\t<meta property=\"og:image:type\" content=\"image\/jpeg\" \/>\n<meta name=\"twitter:card\" content=\"summary_large_image\" \/>\n<script type=\"application\/ld+json\" class=\"yoast-schema-graph\">{\"@context\":\"https:\/\/schema.org\",\"@graph\":[{\"@type\":\"WebPage\",\"@id\":\"https:\/\/www.bermetfilipec.hr\/proizvod\/rose-tia\/\",\"url\":\"https:\/\/www.bermetfilipec.hr\/proizvod\/rose-tia\/\",\"name\":\"Ros\u00e9wein Tia - Podrumi Philipecz\",\"isPartOf\":{\"@id\":\"https:\/\/www.bermetfilipec.hr\/#website\"},\"primaryImageOfPage\":{\"@id\":\"https:\/\/www.bermetfilipec.hr\/proizvod\/rose-tia\/#primaryimage\"},\"image\":{\"@id\":\"https:\/\/www.bermetfilipec.hr\/proizvod\/rose-tia\/#primaryimage\"},\"thumbnailUrl\":\"https:\/\/www.bermetfilipec.hr\/wp-content\/uploads\/2018\/08\/rose-tia.jpg\",\"datePublished\":\"2018-08-28T09:28:32+00:00\",\"breadcrumb\":{\"@id\":\"https:\/\/www.bermetfilipec.hr\/proizvod\/rose-tia\/#breadcrumb\"},\"inLanguage\":\"de\",\"potentialAction\":[{\"@type\":\"ReadAction\",\"target\":[\"https:\/\/www.bermetfilipec.hr\/proizvod\/rose-tia\/\"]}]},{\"@type\":\"ImageObject\",\"inLanguage\":\"de\",\"@id\":\"https:\/\/www.bermetfilipec.hr\/proizvod\/rose-tia\/#primaryimage\",\"url\":\"https:\/\/www.bermetfilipec.hr\/wp-content\/uploads\/2018\/08\/rose-tia.jpg\",\"contentUrl\":\"https:\/\/www.bermetfilipec.hr\/wp-content\/uploads\/2018\/08\/rose-tia.jpg\",\"width\":396,\"height\":651},{\"@type\":\"BreadcrumbList\",\"@id\":\"https:\/\/www.bermetfilipec.hr\/proizvod\/rose-tia\/#breadcrumb\",\"itemListElement\":[{\"@type\":\"ListItem\",\"position\":1,\"name\":\"Po\u010detna stranica\",\"item\":\"https:\/\/www.bermetfilipec.hr\/de\/\"},{\"@type\":\"ListItem\",\"position\":2,\"name\":\"Proizvodi\",\"item\":\"https:\/\/www.bermetfilipec.hr\/proizvodi\/\"},{\"@type\":\"ListItem\",\"position\":3,\"name\":\"Ros\u00e9wein Tia\"}]},{\"@type\":\"WebSite\",\"@id\":\"https:\/\/www.bermetfilipec.hr\/#website\",\"url\":\"https:\/\/www.bermetfilipec.hr\/\",\"name\":\"Podrumi Philipecz\",\"description\":\"Bermet, vina i mu&scaron;tarda\",\"publisher\":{\"@id\":\"https:\/\/www.bermetfilipec.hr\/#organization\"},\"potentialAction\":[{\"@type\":\"SearchAction\",\"target\":{\"@type\":\"EntryPoint\",\"urlTemplate\":\"https:\/\/www.bermetfilipec.hr\/?s={search_term_string}\"},\"query-input\":{\"@type\":\"PropertyValueSpecification\",\"valueRequired\":true,\"valueName\":\"search_term_string\"}}],\"inLanguage\":\"de\"},{\"@type\":\"Organization\",\"@id\":\"https:\/\/www.bermetfilipec.hr\/#organization\",\"name\":\"Podrumi Philipecz\",\"url\":\"https:\/\/www.bermetfilipec.hr\/\",\"logo\":{\"@type\":\"ImageObject\",\"inLanguage\":\"de\",\"@id\":\"https:\/\/www.bermetfilipec.hr\/#\/schema\/logo\/image\/\",\"url\":\"https:\/\/www.bermetfilipec.hr\/wp-content\/uploads\/2018\/08\/logo.png\",\"contentUrl\":\"https:\/\/www.bermetfilipec.hr\/wp-content\/uploads\/2018\/08\/logo.png\",\"width\":175,\"height\":125,\"caption\":\"Podrumi Philipecz\"},\"image\":{\"@id\":\"https:\/\/www.bermetfilipec.hr\/#\/schema\/logo\/image\/\"}}]}<\/script>\n<!-- \/ Yoast SEO plugin. -->","yoast_head_json":{"title":"Ros\u00e9wein Tia - Podrumi Philipecz","robots":{"index":"index","follow":"follow","max-snippet":"max-snippet:-1","max-image-preview":"max-image-preview:large","max-video-preview":"max-video-preview:-1"},"canonical":"https:\/\/www.bermetfilipec.hr\/proizvod\/rose-tia\/","og_locale":"de_DE","og_type":"article","og_title":"Ros\u00e9wein Tia - Podrumi Philipecz","og_description":"Weinberge Samobor Halb S\u00fc\u00dfwein (frankovka) Alk.: 12% Menge: 0,75 L","og_url":"https:\/\/www.bermetfilipec.hr\/proizvod\/rose-tia\/","og_site_name":"Podrumi Philipecz","og_image":[{"width":396,"height":651,"url":"https:\/\/www.bermetfilipec.hr\/wp-content\/uploads\/2018\/08\/rose-tia.jpg","type":"image\/jpeg"}],"twitter_card":"summary_large_image","schema":{"@context":"https:\/\/schema.org","@graph":[{"@type":"WebPage","@id":"https:\/\/www.bermetfilipec.hr\/proizvod\/rose-tia\/","url":"https:\/\/www.bermetfilipec.hr\/proizvod\/rose-tia\/","name":"Ros\u00e9wein Tia - Podrumi Philipecz","isPartOf":{"@id":"https:\/\/www.bermetfilipec.hr\/#website"},"primaryImageOfPage":{"@id":"https:\/\/www.bermetfilipec.hr\/proizvod\/rose-tia\/#primaryimage"},"image":{"@id":"https:\/\/www.bermetfilipec.hr\/proizvod\/rose-tia\/#primaryimage"},"thumbnailUrl":"https:\/\/www.bermetfilipec.hr\/wp-content\/uploads\/2018\/08\/rose-tia.jpg","datePublished":"2018-08-28T09:28:32+00:00","breadcrumb":{"@id":"https:\/\/www.bermetfilipec.hr\/proizvod\/rose-tia\/#breadcrumb"},"inLanguage":"de","potentialAction":[{"@type":"ReadAction","target":["https:\/\/www.bermetfilipec.hr\/proizvod\/rose-tia\/"]}]},{"@type":"ImageObject","inLanguage":"de","@id":"https:\/\/www.bermetfilipec.hr\/proizvod\/rose-tia\/#primaryimage","url":"https:\/\/www.bermetfilipec.hr\/wp-content\/uploads\/2018\/08\/rose-tia.jpg","contentUrl":"https:\/\/www.bermetfilipec.hr\/wp-content\/uploads\/2018\/08\/rose-tia.jpg","width":396,"height":651},{"@type":"BreadcrumbList","@id":"https:\/\/www.bermetfilipec.hr\/proizvod\/rose-tia\/#breadcrumb","itemListElement":[{"@type":"ListItem","position":1,"name":"Po\u010detna stranica","item":"https:\/\/www.bermetfilipec.hr\/de\/"},{"@type":"ListItem","position":2,"name":"Proizvodi","item":"https:\/\/www.bermetfilipec.hr\/proizvodi\/"},{"@type":"ListItem","position":3,"name":"Ros\u00e9wein Tia"}]},{"@type":"WebSite","@id":"https:\/\/www.bermetfilipec.hr\/#website","url":"https:\/\/www.bermetfilipec.hr\/","name":"Podrumi Philipecz","description":"Bermet, vina i mu&scaron;tarda","publisher":{"@id":"https:\/\/www.bermetfilipec.hr\/#organization"},"potentialAction":[{"@type":"SearchAction","target":{"@type":"EntryPoint","urlTemplate":"https:\/\/www.bermetfilipec.hr\/?s={search_term_string}"},"query-input":{"@type":"PropertyValueSpecification","valueRequired":true,"valueName":"search_term_string"}}],"inLanguage":"de"},{"@type":"Organization","@id":"https:\/\/www.bermetfilipec.hr\/#organization","name":"Podrumi Philipecz","url":"https:\/\/www.bermetfilipec.hr\/","logo":{"@type":"ImageObject","inLanguage":"de","@id":"https:\/\/www.bermetfilipec.hr\/#\/schema\/logo\/image\/","url":"https:\/\/www.bermetfilipec.hr\/wp-content\/uploads\/2018\/08\/logo.png","contentUrl":"https:\/\/www.bermetfilipec.hr\/wp-content\/uploads\/2018\/08\/logo.png","width":175,"height":125,"caption":"Podrumi Philipecz"},"image":{"@id":"https:\/\/www.bermetfilipec.hr\/#\/schema\/logo\/image\/"}}]}},"_links":{"self":[{"href":"https:\/\/www.bermetfilipec.hr\/de\/wp-json\/wp\/v2\/product\/583","targetHints":{"allow":["GET"]}}],"collection":[{"href":"https:\/\/www.bermetfilipec.hr\/de\/wp-json\/wp\/v2\/product"}],"about":[{"href":"https:\/\/www.bermetfilipec.hr\/de\/wp-json\/wp\/v2\/types\/product"}],"replies":[{"embeddable":true,"href":"https:\/\/www.bermetfilipec.hr\/de\/wp-json\/wp\/v2\/comments?post=583"}],"wp:featuredmedia":[{"embeddable":true,"href":"https:\/\/www.bermetfilipec.hr\/de\/wp-json\/wp\/v2\/media\/495"}],"wp:attachment":[{"href":"https:\/\/www.bermetfilipec.hr\/de\/wp-json\/wp\/v2\/media?parent=583"}],"wp:term":[{"taxonomy":"product_brand","embeddable":true,"href":"https:\/\/www.bermetfilipec.hr\/de\/wp-json\/wp\/v2\/product_brand?post=583"},{"taxonomy":"product_cat","embeddable":true,"href":"https:\/\/www.bermetfilipec.hr\/de\/wp-json\/wp\/v2\/product_cat?post=583"},{"taxonomy":"product_tag","embeddable":true,"href":"https:\/\/www.bermetfilipec.hr\/de\/wp-json\/wp\/v2\/product_tag?post=583"}],"curies":[{"name":"wp","href":"https:\/\/api.w.org\/{rel}","templated":true}]}}